{"id":3246,"date":"2021-08-13T11:57:39","date_gmt":"2021-08-13T09:57:39","guid":{"rendered":"http:\/\/culturecoaches.de\/?page_id=3246"},"modified":"2023-05-08T17:29:49","modified_gmt":"2023-05-08T15:29:49","slug":"mach-mit","status":"publish","type":"page","link":"https:\/\/culturecoaches.de\/en\/mach-mit\/","title":{"rendered":"Mach Mit!"},"content":{"rendered":"<div id=\"gutenslider-juztt2osy\" class=\"wp-block-eedee-block-gutenslider content-change alignnone arrow-style-1 arrow-position-sides arrow-mb-none arrows-lg-none arrows-md arrows-sm dot-style-1 dots-lg-none dots-md-none dots-sm-none dot-position-bottom bottom-s-curve is-position-center-center mb-none\" style=\"--gutenslider-min-height: 50vh;--gutenslider-arrow-size: 30px;--gutenslider-dot-size: 25px;--gutenslider-arrow-color: #ffffff;--gutenslider-dot-color: #ffffff;--gutenslider-padding-y-mobile: 40px;--gutenslider-padding-x-mobile: 40px;--gutenslider-padding-y-tablet: 40px;--gutenslider-padding-x-tablet: 40px;--gutenslider-padding-y-desktop: 40px;--gutenslider-padding-x-desktop: 40px;--gutenslider-bg-image: url(https:\/\/culturecoaches.de\/en\/wp-content\/uploads\/sites\/2\/2021\/10\/Bild6-mitmachen-300x225.jpg);--gutenslider-min-height-md: 50vh;--gutenslider-min-height-sm: 50vh;--gutenslider-padding-x: 40px;--gutenslider-padding-x-md: 40px;--gutenslider-padding-x-sm: 20px;--gutenslider-padding-y: 40px;--gutenslider-padding-y-md: 40px;--gutenslider-padding-y-sm: 20px;--gutenslider-arrow-size-md: 30px;--gutenslider-arrow-size-sm: 30px;--gutenslider-dot-size-md: 25px;--gutenslider-dot-size-sm: 25px;--gutenslider-arrow-bg-color: transparent;--gutenslider-arrow-hover-color: #eeeeee;--gutenslider-arrow-bg-hover-color: transparent;--gutenslider-arrow-x-offset: 10px;--gutenslider-arrow-x-offset-md: 10px;--gutenslider-arrow-x-offset-sm: 10px;--gutenslider-arrow-y-offset: 0px;--gutenslider-arrow-y-offset-md: 0px;--gutenslider-arrow-y-offset-sm: 0px;--gutenslider-arrow-x-spacing: 0px;--gutenslider-dot-y-offset: 10px;--gutenslider-dot-y-offset-md: 10px;--gutenslider-dot-y-offset-sm: 10px;--gutenslider-margin-x: 0px;--gutenslider-margin-x-md: 0px;--gutenslider-margin-x-sm: 0px;--gutenslider-margin-y: 0px;--gutenslider-margin-y-md: 0px;--gutenslider-margin-y-sm: 0px;--gutenslider-divider-top: 60px;--gutenslider-divider-bottom: 60px;--gutenslider-lightgallery-bg: #ffffff;--gutenslider-lightgallery-font: #000000;\" data-parallax-direction=\"down\" data-parallax-amount=\"1.3\" data-lg-transition=\"lg-slide\" data-hash=\"\"><div class=\"eedee-swiper-outer\"><div class=\"gutenslider-divider-top\" style=\"color:#fff; height:60px;\"><\/div><div class=\"swiper\" data-settings='{\"autoplay\":{\"delay\":3000,\"pauseOnMouseEnter\":true,\"disableOnInteraction\":false},\"speed\":700,\"direction\":\"horizontal\",\"autoHeight\":\"\",\"loop\":false,\"centeredSlides\":true,\"spaceBetween\":0,\"slidesPerView\":1,\"slidesPerGroup\":1,\"effect\":\"slide\",\"coverflowEffect\":{\"rotate\":30,\"slideShadows\":false,\"depth\":100,\"stretch\":50,\"modifier\":1},\"fadeEffect\":{\"crossFade\":true},\"zoom\":\"\",\"navigation\":{\"nextEl\":\"#gutenslider-juztt2osy .eedee-gutenslider-next\",\"prevEl\":\"#gutenslider-juztt2osy .eedee-gutenslider-prev\"},\"pagination\":{\"type\":\"bullets\",\"clickable\":true,\"dynamicBullets\":false,\"el\":\"#gutenslider-juztt2osy .eedee-gutenslider-pagination\"},\"pauseOnHover\":\"1\",\"watchSlidesProgress\":true,\"watchSlidesVisibility\":true,\"settingsMd\":{\"autoHeight\":\"\",\"slidesPerView\":1,\"slidesPerGroup\":1,\"spaceBetween\":0},\"settingsLg\":{\"autoHeight\":\"\",\"slidesPerView\":1,\"slidesPerGroup\":1,\"spaceBetween\":0},\"hasLg\":false,\"hasLgCounter\":true,\"isFullScreen\":false,\"arrowsFollowMouse\":false,\"lgTitle\":\"none\",\"lgCaption\":\"none\",\"lgThumbnails\":true,\"keyboard\":false,\"hashNavigation\":false}'><div class=\"swiper-wrapper\">\n<div class=\"swiper-slide wp-block-eedee-block-gutenslide is-position-center-center ed-bg-image\" style=\"--ed-vw:300;--ed-vh:225;\" data-hash=\"\"><div class=\"eedee-background-div bg-image\"><img decoding=\"async\" loading=\"lazy\" width=\"2016\" height=\"1512\" class=\"swiper-lazy wp-image-3363\" src=\"https:\/\/culturecoaches.de\/en\/wp-content\/uploads\/sites\/2\/2021\/10\/1631801230289.jpeg\" alt=\"\" style=\"object-fit: cover; object-position: 50% 50%;\"  data-title=\"mach-mit\" srcset=\"https:\/\/culturecoaches.de\/en\/wp-content\/uploads\/sites\/2\/2021\/10\/1631801230289.jpeg 2016w, https:\/\/culturecoaches.de\/en\/wp-content\/uploads\/sites\/2\/2021\/10\/1631801230289-300x225.jpeg 300w, https:\/\/culturecoaches.de\/en\/wp-content\/uploads\/sites\/2\/2021\/10\/1631801230289-768x576.jpeg 768w, https:\/\/culturecoaches.de\/en\/wp-content\/uploads\/sites\/2\/2021\/10\/1631801230289-1536x1152.jpeg 1536w, https:\/\/culturecoaches.de\/en\/wp-content\/uploads\/sites\/2\/2021\/10\/1631801230289-1600x1200.jpeg 1600w, https:\/\/culturecoaches.de\/en\/wp-content\/uploads\/sites\/2\/2021\/10\/1631801230289-1200x900.jpeg 1200w\" sizes=\"(max-width: 2016px) 100vw, 2016px\" \/><div class=\"eedee-background-div__overlay\" style=\"opacity:1;\"><\/div><\/div><div class=\"slide-content\">\n\n<p class=\"has-text-align-center gutenslider-content-initial has-larger-font-size\"><\/p>\n\n<\/div><\/div>\n<\/div><\/div><button class=\"eedee-gutenslider-nav eedee-gutenslider-prev\" aria-label=\"Previous Slide\" aria-disabled=\"false\"><svg xmlns=\"http:\/\/www.w3.org\/2000\/svg\" viewBox=\"0 0 24 24\" width=\"24\" height=\"24\"><circle class=\"bg\" cx=\"13\" cy=\"12\" r=\"11\" \/><path fill=\"none\" d=\"M0 0h24v24H0z\"\/><path class=\"arrow\" d=\"M10.828 12l4.95 4.95-1.414 1.414L8 12l6.364-6.364 1.414 1.414z\"\/><\/svg><\/button><button class=\"eedee-gutenslider-nav eedee-gutenslider-next\" aria-label=\"Next Slide\" aria-disabled=\"false\"><svg xmlns=\"http:\/\/www.w3.org\/2000\/svg\" viewBox=\"0 0 24 24\" width=\"24\" height=\"24\"><circle class=\"bg\" cx=\"11\" cy=\"12\" r=\"11\" \/><path fill=\"none\" d=\"M0 0h24v24H0z\"\/><path class=\"arrow\" d=\"M13.172 12l-4.95-4.95 1.414-1.414L16 12l-6.364 6.364-1.414-1.414z\"\/><\/svg><\/button><div class=\"eedee-gutenslider-pagination\"><\/div><\/div><div class=\"gutenslider-divider-bottom \" style=\"color:#fff; height:60px;\"><\/div><\/div>\n\n\n<h2 class=\"padded markings mobile text-white\"><span class=\"marked secondary\"><span class=\"text\"><strong>Join us!<\/strong><\/span><\/span><br><span class=\"marked secondary\"><span class=\"text\">Together<\/span><\/span><span class=\"marked secondary\"><span class=\"text\"> we achieve more.<\/span><\/span><\/h2>\n\n\n\n<p class=\"appear text-blue mobile padded\">Wir sind eine neu gegr\u00fcndete NGO und freuen uns immer \u00fcber Unterst\u00fctzung!\n  Daher sind wir auch offen f\u00fcr Kooperationen mit anderen Organisationen und Projekten.\n<\/p>\n\n\n\n<p class=\"appear text-blue mobile padded\">Auch freuen wir uns immer \u00fcber Menschen, die sich engagieren m\u00f6chten oder mit\n  unserer Hilfe gemeinsam Projekte entwickeln wollen.\n<\/p>\n\n\n\n<p class=\"appear text-blue mobile padded\">Wenn Sie in \u00e4hnlichen Bereichen t\u00e4tig sind, als Organisation, Projekt oder\n  Einzelperson und auf der Suche nach Kooperationsm\u00f6glichkeiten sind, dann kontaktieren Sie uns:\n<\/p>\n\n\n\n<p class=\"appear text-blue mobile padded\">\n  <strong> <a href=\"tel:+49030 20 62 45 37\"><strong class=\"ab-testimonial-name\" style=\"color:#f26f18\">T <\/strong>+49(0)30 20 62 45 37<\/a>\n  <\/strong><br>\n  <strong> <a href=\"mailto:contact@culturecoaches.de\"><strong class=\"ab-testimonial-name\" style=\"color:#f26f18\">M <\/strong>contact@culturecoaches.de<\/a>\n<\/strong>\n<\/p>\n\n\n\n<p class=\"appear text-blue mobile padded\">Im Rahmen unseres bisherigen Wirkens k\u00f6nnen wir auf eine Vielzahl von\n  Kooperationen mit verschiedenen Projekten und Organisation zur\u00fcckschauen:\n<\/p>\n\n\n\n<ul class=\"appear text-blue plus-list mobile padded\">\n  <li><strong>Neue Deutsche Medienmacher:innen\n  <\/strong><\/li>\n  <li><strong>Zentralrat der Muslime in Deutschland\n  <\/strong><\/li>\n  <li><strong>BidZ \u2013 Netzwerk Gro\u00dfbeerenstra\u00dfe\n  <\/strong><\/li>\n  <li><strong>SRH \u2013 Hochschule der popul\u00e4ren K\u00fcnste\n  <\/strong><\/li>\n  <li><strong>Berlin School of Design and Communication\n  <\/strong><\/li>\n  <li><strong>Aktionsb\u00fcndnis muslimischer Frauen e.V.\n  <\/strong><\/li>\n  <li><strong>Robert Bosch Stiftung\n  <\/strong><\/li>\n  <li><strong>JFF &#8211; Institut f\u00fcr Medienp\u00e4dagogik in Forschung und Praxis\n  <\/strong><\/li>\n  <li><strong>DaMigra e.V.\n  <\/strong><\/li>\n  <li><strong>Each One Teach One e.V.\n  <\/strong><\/li>\n  <li><strong>Bundeszentrale f\u00fcr politische Bildung\n  <\/strong><\/li>\n  <li><strong>We are one World\n  <\/strong><\/li>\n  <li><strong>Ini\n  <\/strong><\/li>\n  <li><strong>Deutsches Rotes Kreuz\n  <\/strong><\/li>\n  <li><strong>GASAG\n  <\/strong><\/li>\n  <li><strong>Europ\u00e4ischer Sozialfond f\u00fcr Deutschland\n  <\/strong><\/li>\n  <li><strong>Lotto Stiftung\n  <\/strong><\/li>\n  <li><strong>Go Volunteer\n  <\/strong><\/li>\n  <li><strong>Berliner Landesamt f\u00fcr Fl\u00fcchtlingsangelegenheiten\n  <\/strong><\/li>\n  <li><strong>Frauenvertreterin der Senatsverwaltung Berlin\n  <\/strong><\/li>\n  <li><strong>Jobcenter Berlin-Mitte\n  <\/strong><\/li>\n  <li><strong>Babylon Orchestra\n  <\/strong><\/li>\n  <li><strong>Lotto Stiftung Berlin\n  <\/strong><\/li>\n  <li><strong>Bundesamt f\u00fcr Migration und Fl\u00fcchtlinge\n  <\/strong><\/li>\n  <li><strong>Weberbank\n  <\/strong><\/li>\n  <li><strong>Hertie Stiftung\n  <\/strong><\/li>\n  <li><strong>K\u00f6rber Stiftung\n  <\/strong><\/li>\n  <li><strong>B\u00fcrgerstiftung Berlin\n  <\/strong><\/li>\n<\/ul>\n\n\n\n<div class=\"is-layout-flex wp-container-1 wp-block-columns\"><\/div>\n\n\n\n<div class=\"is-layout-flex wp-container-7 wp-block-columns padded blue\">\n<div class=\"is-layout-flow wp-block-column margin0 bottom\">\n<h2 class=\"padded markings desktop text-white inline margin50 top\"><span class=\"marked secondary\"><span class=\"text\"><strong>Join us!<\/strong><\/span><\/span><br><span class=\"marked secondary\"><span class=\"text\">Together we achieve more.<\/span><\/span><\/h2>\n\n\n\n<p class=\"appear text-blue desktop\">We are a newly founded NGO and are always happy about support! Therefore, we are also open for cooperations with other organizations and projects.<\/p>\n\n\n\n<p class=\"appear text-blue desktop\">We are also always happy to hear from people who want to get involved or develop projects together with our help.<\/p>\n\n\n\n<p class=\"appear text-blue desktop\">If you are active in similar areas, as an organization, project or individual and are looking for cooperation opportunities, please contact us:<\/p>\n\n\n\n<p class=\"appear text-blue desktop\"><strong> <a href=\"tel:+49030 20 62 45 37\"><strong class=\"ab-testimonial-name\" style=\"color:#f26f18\">T <\/strong>+49(0)30 20 62 45 37<\/a>\n<\/strong><br>\n  <strong> <a href=\"mailto:contact@culturecoaches.de\"><strong class=\"ab-testimonial-name\" style=\"color:#f26f18\">M <\/strong>contact@culturecoaches.de<\/a>\n  <\/strong><\/p>\n\n\n\n<p class=\"appear text-blue desktop\">In the course of our work so far, we can look back on a large number of cooperations with various projects and organizations:<\/p>\n\n\n\n<div class=\"is-layout-flex wp-container-4 wp-block-columns\">\n<div class=\"is-layout-flow wp-block-column\">\n<ul>\n<li><strong>Neue Deutsche Medienmacher:innen <\/strong><\/li>\n\n\n\n<li><strong>Central Council of Muslims in Germany <\/strong><\/li>\n\n\n\n<li><strong>BidZ \u2013 Netzwerk Gro\u00dfbeerenstra\u00dfe <\/strong><\/li>\n\n\n\n<li><strong>SRH \u2013 University of Popular Arts <\/strong><\/li>\n\n\n\n<li><strong>Berlin School of Design and Communication <\/strong><\/li>\n\n\n\n<li><strong>Action Alliance of Muslim Women e.V. <\/strong><\/li>\n\n\n\n<li><strong>Robert Bosch Foundation <\/strong><\/li>\n\n\n\n<li><strong>JFF &#8211; Institute for Media Education in Research and Practice <\/strong><\/li>\n\n\n\n<li><strong>DaMigra e.V. <\/strong><\/li>\n\n\n\n<li><strong>Each One Teach One e.V. <\/strong><\/li>\n\n\n\n<li><strong>Federal Agency for Civic Education <\/strong><\/li>\n\n\n\n<li><strong>We are one World <\/strong><\/li>\n\n\n\n<li><strong>Ini <\/strong><\/li>\n\n\n\n<li><strong>German Red Cross <\/strong><\/li>\n\n\n\n<li><strong>GASAG <\/strong><\/li>\n<\/ul>\n<\/div>\n\n\n\n<div class=\"is-layout-flow wp-block-column\">\n<ul>\n<li><strong>European Social Fund for Germany <\/strong><\/li>\n\n\n\n<li><strong>Lotto Foundation <\/strong><\/li>\n\n\n\n<li><strong>Go Volunteer <\/strong><\/li>\n\n\n\n<li><strong>Berlin State Office for Refugee Affairs <\/strong><\/li>\n\n\n\n<li><strong>Women&#8217;s representative of the Berlin Senate Department <\/strong><\/li>\n\n\n\n<li><strong>Job Center Berlin-Mitte <\/strong><\/li>\n\n\n\n<li><strong>Babylon Orchestra <\/strong><\/li>\n\n\n\n<li><strong>Lotto Foundation Berlin <\/strong><\/li>\n\n\n\n<li><strong>Federal Office for Migration and Refugees <\/strong><\/li>\n\n\n\n<li><strong>Weber Bank <\/strong><\/li>\n\n\n\n<li><strong>Hertie Foundation <\/strong><\/li>\n\n\n\n<li><strong>K\u00f6rber Foundation <\/strong><\/li>\n\n\n\n<li><strong>Citizen&#8217;s Foundation Berlin <\/strong><\/li>\n<\/ul>\n<\/div>\n<\/div>\n<\/div>\n\n\n\n<div class=\"is-layout-flow wp-block-column appear margin50 top bottom desktop\" style=\"flex-basis:0%\"><\/div>\n<\/div>\n\n\n\n<div class=\"wp-block-atomic-blocks-ab-container padded cc-rounded top-right background lightOrange ab-block-container\"><div class=\"ab-container-inside\"><div class=\"ab-container-content\"><\/div><\/div><\/div>\n\n\n\n<div class=\"is-layout-flex wp-container-11 wp-block-columns padded cc-rounded top-right background lightOrange\">\n<div class=\"is-layout-flow wp-block-column\"><\/div>\n\n\n\n<div class=\"is-layout-flow wp-block-column text-center flex-vertical-center\">\n<h2 class=\"appear mobile margin50 top\"><strong><span class=\"text-orange\">Together <br>we achieve\nmore!<\/span><\/strong><\/h2>\n\n\n\n<h2 class=\"appear desktop\"><strong><span class=\"text-orange\">Together <br>we achieve\nmore!<\/span><\/strong><\/h2>\n\n\n\n<div class=\"verticalPadding bottom\"><a href=\"https:\/\/culturecoaches.de\/en\/spenden\" class=\"btn tertiary inverse appear\">Donate now<\/a><\/div>\n<\/div>\n\n\n\n<div class=\"is-layout-flow wp-block-image is-style-default\"><figure class=\"aligncenter size-large is-resized\"><img decoding=\"async\" loading=\"lazy\" src=\"https:\/\/culturecoaches.de\/en\/wp-content\/uploads\/sites\/2\/2020\/08\/taube10-sds-4-2.gif\" alt=\"\" class=\"wp-image-1780\" width=\"274\" height=\"160\"\/><\/figure><\/div><\/figure>\n<\/div>\n\n\n<p><!-- \/wp:columns --><\/p>","protected":false},"excerpt":{"rendered":"<p>Join us!Together we achieve more. Wir sind eine neu gegr\u00fcndete NGO und freuen uns immer \u00fcber Unterst\u00fctzung! Daher sind wir auch offen f\u00fcr Kooperationen mit anderen Organisationen und Projekten. Auch freuen wir uns immer \u00fcber Menschen, die sich engagieren m\u00f6chten oder mit unserer Hilfe gemeinsam Projekte entwickeln wollen. Wenn Sie in \u00e4hnlichen Bereichen t\u00e4tig sind, [&hellip;]<\/p>\n","protected":false},"author":1,"featured_media":0,"parent":0,"menu_order":0,"comment_status":"closed","ping_status":"closed","template":"","meta":[],"acf":[],"yoast_head":"<!-- This site is optimized with the Yoast SEO plugin v20.2.1 - https:\/\/yoast.com\/wordpress\/plugins\/seo\/ -->\n<title>Mach Mit! - English Culturecoaches<\/title>\n<meta name=\"robots\" content=\"index, follow, max-snippet:-1, max-image-preview:large, max-video-preview:-1\" \/>\n<link rel=\"canonical\" href=\"https:\/\/culturecoaches.de\/en\/mach-mit\/\" \/>\n<meta property=\"og:locale\" content=\"en_US\" \/>\n<meta property=\"og:type\" content=\"article\" \/>\n<meta property=\"og:title\" content=\"Mach Mit! - English Culturecoaches\" \/>\n<meta property=\"og:description\" content=\"Join us!Together we achieve more. Wir sind eine neu gegr\u00fcndete NGO und freuen uns immer \u00fcber Unterst\u00fctzung! Daher sind wir auch offen f\u00fcr Kooperationen mit anderen Organisationen und Projekten. Auch freuen wir uns immer \u00fcber Menschen, die sich engagieren m\u00f6chten oder mit unserer Hilfe gemeinsam Projekte entwickeln wollen. Wenn Sie in \u00e4hnlichen Bereichen t\u00e4tig sind, [&hellip;]\" \/>\n<meta property=\"og:url\" content=\"https:\/\/culturecoaches.de\/en\/mach-mit\/\" \/>\n<meta property=\"og:site_name\" content=\"English Culturecoaches\" \/>\n<meta property=\"article:modified_time\" content=\"2023-05-08T15:29:49+00:00\" \/>\n<meta property=\"og:image\" content=\"https:\/\/culturecoaches.de\/en\/wp-content\/uploads\/sites\/2\/2020\/08\/taube10-sds-4-2.gif\" \/>\n<meta name=\"twitter:card\" content=\"summary_large_image\" \/>\n<meta name=\"twitter:label1\" content=\"Est. reading time\" \/>\n\t<meta name=\"twitter:data1\" content=\"3 minutes\" \/>\n<script type=\"application\/ld+json\" class=\"yoast-schema-graph\">{\"@context\":\"https:\/\/schema.org\",\"@graph\":[{\"@type\":\"WebPage\",\"@id\":\"https:\/\/culturecoaches.de\/en\/mach-mit\/\",\"url\":\"https:\/\/culturecoaches.de\/en\/mach-mit\/\",\"name\":\"Mach Mit! - English Culturecoaches\",\"isPartOf\":{\"@id\":\"http:\/\/culturecoaches.de\/en\/#website\"},\"datePublished\":\"2021-08-13T09:57:39+00:00\",\"dateModified\":\"2023-05-08T15:29:49+00:00\",\"breadcrumb\":{\"@id\":\"https:\/\/culturecoaches.de\/en\/mach-mit\/#breadcrumb\"},\"inLanguage\":\"en-US\",\"potentialAction\":[{\"@type\":\"ReadAction\",\"target\":[\"https:\/\/culturecoaches.de\/en\/mach-mit\/\"]}]},{\"@type\":\"BreadcrumbList\",\"@id\":\"https:\/\/culturecoaches.de\/en\/mach-mit\/#breadcrumb\",\"itemListElement\":[{\"@type\":\"ListItem\",\"position\":1,\"name\":\"Startseite\",\"item\":\"http:\/\/culturecoaches.de\/en\/\"},{\"@type\":\"ListItem\",\"position\":2,\"name\":\"Mach Mit!\"}]},{\"@type\":\"WebSite\",\"@id\":\"http:\/\/culturecoaches.de\/en\/#website\",\"url\":\"http:\/\/culturecoaches.de\/en\/\",\"name\":\"English Culturecoaches\",\"description\":\"Eine weitere WordPress-Website\",\"potentialAction\":[{\"@type\":\"SearchAction\",\"target\":{\"@type\":\"EntryPoint\",\"urlTemplate\":\"http:\/\/culturecoaches.de\/en\/?s={search_term_string}\"},\"query-input\":\"required name=search_term_string\"}],\"inLanguage\":\"en-US\"}]}<\/script>\n<!-- \/ Yoast SEO plugin. -->","yoast_head_json":{"title":"Mach Mit! - English Culturecoaches","robots":{"index":"index","follow":"follow","max-snippet":"max-snippet:-1","max-image-preview":"max-image-preview:large","max-video-preview":"max-video-preview:-1"},"canonical":"https:\/\/culturecoaches.de\/en\/mach-mit\/","og_locale":"en_US","og_type":"article","og_title":"Mach Mit! - English Culturecoaches","og_description":"Join us!Together we achieve more. Wir sind eine neu gegr\u00fcndete NGO und freuen uns immer \u00fcber Unterst\u00fctzung! Daher sind wir auch offen f\u00fcr Kooperationen mit anderen Organisationen und Projekten. Auch freuen wir uns immer \u00fcber Menschen, die sich engagieren m\u00f6chten oder mit unserer Hilfe gemeinsam Projekte entwickeln wollen. Wenn Sie in \u00e4hnlichen Bereichen t\u00e4tig sind, [&hellip;]","og_url":"https:\/\/culturecoaches.de\/en\/mach-mit\/","og_site_name":"English Culturecoaches","article_modified_time":"2023-05-08T15:29:49+00:00","og_image":[{"url":"https:\/\/culturecoaches.de\/en\/wp-content\/uploads\/sites\/2\/2020\/08\/taube10-sds-4-2.gif"}],"twitter_card":"summary_large_image","twitter_misc":{"Est. reading time":"3 minutes"},"schema":{"@context":"https:\/\/schema.org","@graph":[{"@type":"WebPage","@id":"https:\/\/culturecoaches.de\/en\/mach-mit\/","url":"https:\/\/culturecoaches.de\/en\/mach-mit\/","name":"Mach Mit! - English Culturecoaches","isPartOf":{"@id":"http:\/\/culturecoaches.de\/en\/#website"},"datePublished":"2021-08-13T09:57:39+00:00","dateModified":"2023-05-08T15:29:49+00:00","breadcrumb":{"@id":"https:\/\/culturecoaches.de\/en\/mach-mit\/#breadcrumb"},"inLanguage":"en-US","potentialAction":[{"@type":"ReadAction","target":["https:\/\/culturecoaches.de\/en\/mach-mit\/"]}]},{"@type":"BreadcrumbList","@id":"https:\/\/culturecoaches.de\/en\/mach-mit\/#breadcrumb","itemListElement":[{"@type":"ListItem","position":1,"name":"Startseite","item":"http:\/\/culturecoaches.de\/en\/"},{"@type":"ListItem","position":2,"name":"Mach Mit!"}]},{"@type":"WebSite","@id":"http:\/\/culturecoaches.de\/en\/#website","url":"http:\/\/culturecoaches.de\/en\/","name":"English Culturecoaches","description":"Eine weitere WordPress-Website","potentialAction":[{"@type":"SearchAction","target":{"@type":"EntryPoint","urlTemplate":"http:\/\/culturecoaches.de\/en\/?s={search_term_string}"},"query-input":"required name=search_term_string"}],"inLanguage":"en-US"}]}},"featured_image_src":null,"featured_image_src_square":null,"_links":{"self":[{"href":"https:\/\/culturecoaches.de\/en\/wp-json\/wp\/v2\/pages\/3246"}],"collection":[{"href":"https:\/\/culturecoaches.de\/en\/wp-json\/wp\/v2\/pages"}],"about":[{"href":"https:\/\/culturecoaches.de\/en\/wp-json\/wp\/v2\/types\/page"}],"author":[{"embeddable":true,"href":"https:\/\/culturecoaches.de\/en\/wp-json\/wp\/v2\/users\/1"}],"replies":[{"embeddable":true,"href":"https:\/\/culturecoaches.de\/en\/wp-json\/wp\/v2\/comments?post=3246"}],"version-history":[{"count":20,"href":"https:\/\/culturecoaches.de\/en\/wp-json\/wp\/v2\/pages\/3246\/revisions"}],"predecessor-version":[{"id":4122,"href":"https:\/\/culturecoaches.de\/en\/wp-json\/wp\/v2\/pages\/3246\/revisions\/4122"}],"wp:attachment":[{"href":"https:\/\/culturecoaches.de\/en\/wp-json\/wp\/v2\/media?parent=3246"}],"curies":[{"name":"wp","href":"https:\/\/api.w.org\/{rel}","templated":true}]}}