{"id":1285,"date":"2020-01-13T08:46:12","date_gmt":"2020-01-13T07:46:12","guid":{"rendered":"http:\/\/culturecoaches.s.nqn.cc\/?page_id=1285"},"modified":"2023-05-08T17:28:17","modified_gmt":"2023-05-08T15:28:17","slug":"kontakt","status":"publish","type":"page","link":"https:\/\/culturecoaches.de\/en\/kontakt\/","title":{"rendered":"Kontakt"},"content":{"rendered":"<div id=\"gutenslider-7wa8jwj7u\" class=\"wp-block-eedee-block-gutenslider content-change alignnone arrow-style-1 arrow-position-sides arrow-mb-none arrows-lg-none arrows-md arrows-sm dot-style-1 dots-lg dots-md dots-sm dot-position-bottom bottom-s-curve is-position-center-center mb-none\" style=\"--gutenslider-min-height: 50vh;--gutenslider-arrow-size: 30px;--gutenslider-dot-size: 25px;--gutenslider-arrow-color: #ffffff;--gutenslider-dot-color: #ffffff;--gutenslider-padding-y-mobile: 40px;--gutenslider-padding-x-mobile: 40px;--gutenslider-padding-y-tablet: 40px;--gutenslider-padding-x-tablet: 40px;--gutenslider-padding-y-desktop: 40px;--gutenslider-padding-x-desktop: 40px;--gutenslider-bg-image: url();--gutenslider-min-height-md: 50vh;--gutenslider-min-height-sm: 50vh;--gutenslider-padding-x: 40px;--gutenslider-padding-x-md: 40px;--gutenslider-padding-x-sm: 20px;--gutenslider-padding-y: 40px;--gutenslider-padding-y-md: 40px;--gutenslider-padding-y-sm: 20px;--gutenslider-arrow-size-md: 30px;--gutenslider-arrow-size-sm: 30px;--gutenslider-dot-size-md: 25px;--gutenslider-dot-size-sm: 25px;--gutenslider-arrow-bg-color: transparent;--gutenslider-arrow-hover-color: #eeeeee;--gutenslider-arrow-bg-hover-color: transparent;--gutenslider-arrow-x-offset: 10px;--gutenslider-arrow-x-offset-md: 10px;--gutenslider-arrow-x-offset-sm: 10px;--gutenslider-arrow-y-offset: 0px;--gutenslider-arrow-y-offset-md: 0px;--gutenslider-arrow-y-offset-sm: 0px;--gutenslider-arrow-x-spacing: 0px;--gutenslider-dot-y-offset: 10px;--gutenslider-dot-y-offset-md: 10px;--gutenslider-dot-y-offset-sm: 10px;--gutenslider-margin-x: 0px;--gutenslider-margin-x-md: 0px;--gutenslider-margin-x-sm: 0px;--gutenslider-margin-y: 0px;--gutenslider-margin-y-md: 0px;--gutenslider-margin-y-sm: 0px;--gutenslider-divider-top: 60px;--gutenslider-divider-bottom: 60px;--gutenslider-lightgallery-bg: #ffffff;--gutenslider-lightgallery-font: #000000;\" data-parallax-direction=\"down\" data-parallax-amount=\"1.3\" data-lg-transition=\"lg-slide\" data-hash=\"\"><div class=\"eedee-swiper-outer\"><div class=\"gutenslider-divider-top\" style=\"color:#fff; height:60px;\"><\/div><div class=\"swiper\" data-settings='{\"autoplay\":{\"delay\":3000,\"pauseOnMouseEnter\":true,\"disableOnInteraction\":false},\"speed\":700,\"direction\":\"horizontal\",\"autoHeight\":\"\",\"loop\":true,\"centeredSlides\":true,\"spaceBetween\":0,\"slidesPerView\":1,\"slidesPerGroup\":1,\"effect\":\"slide\",\"coverflowEffect\":{\"rotate\":30,\"slideShadows\":false,\"depth\":100,\"stretch\":50,\"modifier\":1},\"fadeEffect\":{\"crossFade\":true},\"zoom\":\"\",\"navigation\":{\"nextEl\":\"#gutenslider-7wa8jwj7u .eedee-gutenslider-next\",\"prevEl\":\"#gutenslider-7wa8jwj7u .eedee-gutenslider-prev\"},\"pagination\":{\"type\":\"bullets\",\"clickable\":true,\"dynamicBullets\":false,\"el\":\"#gutenslider-7wa8jwj7u .eedee-gutenslider-pagination\"},\"pauseOnHover\":\"1\",\"watchSlidesProgress\":true,\"watchSlidesVisibility\":true,\"settingsMd\":{\"autoHeight\":\"\",\"slidesPerView\":1,\"slidesPerGroup\":1,\"spaceBetween\":0},\"settingsLg\":{\"autoHeight\":\"\",\"slidesPerView\":1,\"slidesPerGroup\":1,\"spaceBetween\":0},\"hasLg\":false,\"hasLgCounter\":true,\"isFullScreen\":false,\"arrowsFollowMouse\":false,\"lgTitle\":\"none\",\"lgCaption\":\"none\",\"lgThumbnails\":true,\"keyboard\":{\"keyboard\":{\"enabled\":true,\"onlyInViewport\":true}},\"hashNavigation\":false}'><div class=\"swiper-wrapper\">\n<div class=\"swiper-slide wp-block-eedee-block-gutenslide is-position-center-center ed-bg-image\" style=\"--ed-vw:300;--ed-vh:169;\" data-hash=\"\"><div class=\"eedee-background-div bg-image\"><img decoding=\"async\" loading=\"lazy\" width=\"2000\" height=\"1125\" class=\"swiper-lazy wp-image-846\" src=\"https:\/\/culturecoaches.de\/en\/wp-content\/uploads\/sites\/2\/2020\/01\/ehrenamt-2.jpg\" alt=\"\" style=\"object-fit: cover; object-position: 50% 50%;\"  data-title=\"ehrenamt-2\" srcset=\"https:\/\/culturecoaches.de\/en\/wp-content\/uploads\/sites\/2\/2020\/01\/ehrenamt-2.jpg 2000w, https:\/\/culturecoaches.de\/en\/wp-content\/uploads\/sites\/2\/2020\/01\/ehrenamt-2-300x169.jpg 300w, https:\/\/culturecoaches.de\/en\/wp-content\/uploads\/sites\/2\/2020\/01\/ehrenamt-2-768x432.jpg 768w, https:\/\/culturecoaches.de\/en\/wp-content\/uploads\/sites\/2\/2020\/01\/ehrenamt-2-1536x864.jpg 1536w, https:\/\/culturecoaches.de\/en\/wp-content\/uploads\/sites\/2\/2020\/01\/ehrenamt-2-1600x900.jpg 1600w, https:\/\/culturecoaches.de\/en\/wp-content\/uploads\/sites\/2\/2020\/01\/ehrenamt-2-1200x675.jpg 1200w\" sizes=\"(max-width: 2000px) 100vw, 2000px\" \/><div class=\"eedee-background-div__overlay\" style=\"opacity:1;\"><\/div><\/div><div class=\"slide-content\">\n\n<p class=\"has-text-align-center gutenslider-content-initial has-larger-font-size\"><\/p>\n\n<\/div><\/div>\n<\/div><\/div><button class=\"eedee-gutenslider-nav eedee-gutenslider-prev\" aria-label=\"Previous Slide\" aria-disabled=\"false\"><svg xmlns=\"http:\/\/www.w3.org\/2000\/svg\" viewBox=\"0 0 24 24\" width=\"24\" height=\"24\"><circle class=\"bg\" cx=\"13\" cy=\"12\" r=\"11\" \/><path fill=\"none\" d=\"M0 0h24v24H0z\"\/><path class=\"arrow\" d=\"M10.828 12l4.95 4.95-1.414 1.414L8 12l6.364-6.364 1.414 1.414z\"\/><\/svg><\/button><button class=\"eedee-gutenslider-nav eedee-gutenslider-next\" aria-label=\"Next Slide\" aria-disabled=\"false\"><svg xmlns=\"http:\/\/www.w3.org\/2000\/svg\" viewBox=\"0 0 24 24\" width=\"24\" height=\"24\"><circle class=\"bg\" cx=\"11\" cy=\"12\" r=\"11\" \/><path fill=\"none\" d=\"M0 0h24v24H0z\"\/><path class=\"arrow\" d=\"M13.172 12l-4.95-4.95 1.414-1.414L16 12l-6.364 6.364-1.414-1.414z\"\/><\/svg><\/button><div class=\"eedee-gutenslider-pagination\"><\/div><\/div><div class=\"gutenslider-divider-bottom \" style=\"color:#fff; height:60px;\"><\/div><\/div>\n\n\n<h2 class=\"padded markings mobile text-white\"><span class=\"marked primary\"><span class=\"text\"><b>Gemeinsam <\/b><\/span><\/span><br><span class=\"marked primary\"><span class=\"text\"><b>kann Gro\u00dfes<\/b><\/span><\/span><br><b><span class=\"marked primary\"><span class=\"text\">bewegt werden!<\/span><\/span><\/b><\/h2>\n\n\n\n<h2 class=\"padded markings desktop text-white\"><span class=\"marked primary\"><span class=\"text\"><b>Gemeinsam kann <\/b><\/span><\/span><b><br><span class=\"marked primary\"><span class=\"text\">Gro\u00dfes bewegt werden!<\/span><\/span><\/b><\/h2>\n\n\n\n<div class=\"is-layout-flex wp-container-3 wp-block-columns padded\">\n<div class=\"is-layout-flow wp-block-column text-blue\">\n<p>Sie haben Anregungen oder Fragen zu unserer Arbeit oder m\u00f6chten mit uns zusammenarbeiten? <strong>Wir freuen uns auf Ihre Kontaktaufnahme.<\/strong><\/p>\n\n\n\n<p><strong>T <\/strong>+49(0)30 21 96 32 39<br><strong>M <\/strong><a href=\"mailto:contact@culturecoaches.de\">contact@culturecoaches.de<\/a><\/p>\n<\/div>\n\n\n\n<div class=\"is-layout-flow wp-block-column text-blue\">\n<p><strong>Head Office<\/strong><\/p>\n\n\n\n<p><a href=\"https:\/\/goo.gl\/maps\/vCzdqhCVx1XCx3N48\" target=\"_blank\" rel=\"noreferrer noopener\">Leipziger Str. 61<br>10117 Berlin<\/a><\/p>\n\n\n\n<p><strong>Culture Coaches Projekt Office<\/strong><\/p>\n\n\n\n<p><a href=\"https:\/\/goo.gl\/maps\/ftHSpeg2myBYESS1A\" target=\"_blank\" rel=\"noreferrer noopener\">Bayreuther Str. 4<br>10787 Berlin<\/a><\/p>\n<\/div>\n<\/div>\n\n\n\n<hr class=\"wp-block-separator has-text-color has-css-opacity has-background is-style-wide\" style=\"background-color:#ff771c;color:#ff771c\"\/>\n","protected":false},"excerpt":{"rendered":"<p>Gemeinsam kann Gro\u00dfesbewegt werden! Gemeinsam kann Gro\u00dfes bewegt werden! Sie haben Anregungen oder Fragen zu unserer Arbeit oder m\u00f6chten mit uns zusammenarbeiten? Wir freuen uns auf Ihre Kontaktaufnahme. T +49(0)30 21 96 32 39M contact@culturecoaches.de Head Office Leipziger Str. 6110117 Berlin Culture Coaches Projekt Office Bayreuther Str. 410787 Berlin<\/p>\n","protected":false},"author":1,"featured_media":0,"parent":0,"menu_order":0,"comment_status":"closed","ping_status":"closed","template":"","meta":[],"acf":[],"yoast_head":"<!-- This site is optimized with the Yoast SEO plugin v20.2.1 - https:\/\/yoast.com\/wordpress\/plugins\/seo\/ -->\n<title>Kontakt - English Culturecoaches<\/title>\n<meta name=\"robots\" content=\"index, follow, max-snippet:-1, max-image-preview:large, max-video-preview:-1\" \/>\n<link rel=\"canonical\" href=\"https:\/\/culturecoaches.de\/en\/kontakt\/\" \/>\n<meta property=\"og:locale\" content=\"en_US\" \/>\n<meta property=\"og:type\" content=\"article\" \/>\n<meta property=\"og:title\" content=\"Kontakt - English Culturecoaches\" \/>\n<meta property=\"og:description\" content=\"Gemeinsam kann Gro\u00dfesbewegt werden! Gemeinsam kann Gro\u00dfes bewegt werden! Sie haben Anregungen oder Fragen zu unserer Arbeit oder m\u00f6chten mit uns zusammenarbeiten? Wir freuen uns auf Ihre Kontaktaufnahme. T +49(0)30 21 96 32 39M contact@culturecoaches.de Head Office Leipziger Str. 6110117 Berlin Culture Coaches Projekt Office Bayreuther Str. 410787 Berlin\" \/>\n<meta property=\"og:url\" content=\"https:\/\/culturecoaches.de\/en\/kontakt\/\" \/>\n<meta property=\"og:site_name\" content=\"English Culturecoaches\" \/>\n<meta property=\"article:modified_time\" content=\"2023-05-08T15:28:17+00:00\" \/>\n<meta name=\"twitter:card\" content=\"summary_large_image\" \/>\n<meta name=\"twitter:label1\" content=\"Est. reading time\" \/>\n\t<meta name=\"twitter:data1\" content=\"1 minute\" \/>\n<script type=\"application\/ld+json\" class=\"yoast-schema-graph\">{\"@context\":\"https:\/\/schema.org\",\"@graph\":[{\"@type\":\"WebPage\",\"@id\":\"https:\/\/culturecoaches.de\/en\/kontakt\/\",\"url\":\"https:\/\/culturecoaches.de\/en\/kontakt\/\",\"name\":\"Kontakt - English Culturecoaches\",\"isPartOf\":{\"@id\":\"http:\/\/culturecoaches.de\/en\/#website\"},\"datePublished\":\"2020-01-13T07:46:12+00:00\",\"dateModified\":\"2023-05-08T15:28:17+00:00\",\"breadcrumb\":{\"@id\":\"https:\/\/culturecoaches.de\/en\/kontakt\/#breadcrumb\"},\"inLanguage\":\"en-US\",\"potentialAction\":[{\"@type\":\"ReadAction\",\"target\":[\"https:\/\/culturecoaches.de\/en\/kontakt\/\"]}]},{\"@type\":\"BreadcrumbList\",\"@id\":\"https:\/\/culturecoaches.de\/en\/kontakt\/#breadcrumb\",\"itemListElement\":[{\"@type\":\"ListItem\",\"position\":1,\"name\":\"Startseite\",\"item\":\"http:\/\/culturecoaches.de\/en\/\"},{\"@type\":\"ListItem\",\"position\":2,\"name\":\"Kontakt\"}]},{\"@type\":\"WebSite\",\"@id\":\"http:\/\/culturecoaches.de\/en\/#website\",\"url\":\"http:\/\/culturecoaches.de\/en\/\",\"name\":\"English Culturecoaches\",\"description\":\"Eine weitere WordPress-Website\",\"potentialAction\":[{\"@type\":\"SearchAction\",\"target\":{\"@type\":\"EntryPoint\",\"urlTemplate\":\"http:\/\/culturecoaches.de\/en\/?s={search_term_string}\"},\"query-input\":\"required name=search_term_string\"}],\"inLanguage\":\"en-US\"}]}<\/script>\n<!-- \/ Yoast SEO plugin. -->","yoast_head_json":{"title":"Kontakt - English Culturecoaches","robots":{"index":"index","follow":"follow","max-snippet":"max-snippet:-1","max-image-preview":"max-image-preview:large","max-video-preview":"max-video-preview:-1"},"canonical":"https:\/\/culturecoaches.de\/en\/kontakt\/","og_locale":"en_US","og_type":"article","og_title":"Kontakt - English Culturecoaches","og_description":"Gemeinsam kann Gro\u00dfesbewegt werden! Gemeinsam kann Gro\u00dfes bewegt werden! Sie haben Anregungen oder Fragen zu unserer Arbeit oder m\u00f6chten mit uns zusammenarbeiten? Wir freuen uns auf Ihre Kontaktaufnahme. T +49(0)30 21 96 32 39M contact@culturecoaches.de Head Office Leipziger Str. 6110117 Berlin Culture Coaches Projekt Office Bayreuther Str. 410787 Berlin","og_url":"https:\/\/culturecoaches.de\/en\/kontakt\/","og_site_name":"English Culturecoaches","article_modified_time":"2023-05-08T15:28:17+00:00","twitter_card":"summary_large_image","twitter_misc":{"Est. reading time":"1 minute"},"schema":{"@context":"https:\/\/schema.org","@graph":[{"@type":"WebPage","@id":"https:\/\/culturecoaches.de\/en\/kontakt\/","url":"https:\/\/culturecoaches.de\/en\/kontakt\/","name":"Kontakt - English Culturecoaches","isPartOf":{"@id":"http:\/\/culturecoaches.de\/en\/#website"},"datePublished":"2020-01-13T07:46:12+00:00","dateModified":"2023-05-08T15:28:17+00:00","breadcrumb":{"@id":"https:\/\/culturecoaches.de\/en\/kontakt\/#breadcrumb"},"inLanguage":"en-US","potentialAction":[{"@type":"ReadAction","target":["https:\/\/culturecoaches.de\/en\/kontakt\/"]}]},{"@type":"BreadcrumbList","@id":"https:\/\/culturecoaches.de\/en\/kontakt\/#breadcrumb","itemListElement":[{"@type":"ListItem","position":1,"name":"Startseite","item":"http:\/\/culturecoaches.de\/en\/"},{"@type":"ListItem","position":2,"name":"Kontakt"}]},{"@type":"WebSite","@id":"http:\/\/culturecoaches.de\/en\/#website","url":"http:\/\/culturecoaches.de\/en\/","name":"English Culturecoaches","description":"Eine weitere WordPress-Website","potentialAction":[{"@type":"SearchAction","target":{"@type":"EntryPoint","urlTemplate":"http:\/\/culturecoaches.de\/en\/?s={search_term_string}"},"query-input":"required name=search_term_string"}],"inLanguage":"en-US"}]}},"featured_image_src":null,"featured_image_src_square":null,"_links":{"self":[{"href":"https:\/\/culturecoaches.de\/en\/wp-json\/wp\/v2\/pages\/1285"}],"collection":[{"href":"https:\/\/culturecoaches.de\/en\/wp-json\/wp\/v2\/pages"}],"about":[{"href":"https:\/\/culturecoaches.de\/en\/wp-json\/wp\/v2\/types\/page"}],"author":[{"embeddable":true,"href":"https:\/\/culturecoaches.de\/en\/wp-json\/wp\/v2\/users\/1"}],"replies":[{"embeddable":true,"href":"https:\/\/culturecoaches.de\/en\/wp-json\/wp\/v2\/comments?post=1285"}],"version-history":[{"count":23,"href":"https:\/\/culturecoaches.de\/en\/wp-json\/wp\/v2\/pages\/1285\/revisions"}],"predecessor-version":[{"id":4119,"href":"https:\/\/culturecoaches.de\/en\/wp-json\/wp\/v2\/pages\/1285\/revisions\/4119"}],"wp:attachment":[{"href":"https:\/\/culturecoaches.de\/en\/wp-json\/wp\/v2\/media?parent=1285"}],"curies":[{"name":"wp","href":"https:\/\/api.w.org\/{rel}","templated":true}]}}