{"id":1186,"date":"2020-01-13T07:31:26","date_gmt":"2020-01-13T06:31:26","guid":{"rendered":"http:\/\/culturecoaches.s.nqn.cc\/?page_id=1186"},"modified":"2020-11-24T17:15:49","modified_gmt":"2020-11-24T16:15:49","slug":"impressum-2","status":"publish","type":"page","link":"https:\/\/culturecoaches.de\/en\/impressum-2\/","title":{"rendered":"Impressum"},"content":{"rendered":"<div id=\"gutenslider-zl4jhfhkl\" class=\"wp-block-eedee-block-gutenslider content-change alignnone arrow-style-1 arrow-position-sides arrow-mb-none arrows-lg-none arrows-md arrows-sm dot-style-1 dots-lg dots-md dots-sm dot-position-bottom bottom-s-curve is-position-center-center mb-none\" style=\"--gutenslider-min-height: 40NaNvh;--gutenslider-arrow-size: 30px;--gutenslider-dot-size: 25px;--gutenslider-arrow-color: #ffffff;--gutenslider-dot-color: #ffffff;--gutenslider-padding-y-mobile: 40px;--gutenslider-padding-x-mobile: 40px;--gutenslider-padding-y-tablet: 40px;--gutenslider-padding-x-tablet: 40px;--gutenslider-padding-y-desktop: 40px;--gutenslider-padding-x-desktop: 40px;--gutenslider-bg-image: url(https:\/\/culturecoaches.de\/en\/wp-content\/uploads\/sites\/2\/2020\/01\/spenden-300x199.jpg);--gutenslider-min-height-md: 50vh;--gutenslider-min-height-sm: 50vh;--gutenslider-padding-x: 40px;--gutenslider-padding-x-md: 40px;--gutenslider-padding-x-sm: 20px;--gutenslider-padding-y: 40px;--gutenslider-padding-y-md: 40px;--gutenslider-padding-y-sm: 20px;--gutenslider-arrow-size-md: 30px;--gutenslider-arrow-size-sm: 30px;--gutenslider-dot-size-md: 25px;--gutenslider-dot-size-sm: 25px;--gutenslider-arrow-bg-color: transparent;--gutenslider-arrow-hover-color: #eeeeee;--gutenslider-arrow-bg-hover-color: transparent;--gutenslider-arrow-x-offset: 10px;--gutenslider-arrow-x-offset-md: 10px;--gutenslider-arrow-x-offset-sm: 10px;--gutenslider-arrow-y-offset: 0px;--gutenslider-arrow-y-offset-md: 0px;--gutenslider-arrow-y-offset-sm: 0px;--gutenslider-arrow-x-spacing: 0px;--gutenslider-dot-y-offset: 10px;--gutenslider-dot-y-offset-md: 10px;--gutenslider-dot-y-offset-sm: 10px;--gutenslider-margin-x: 0px;--gutenslider-margin-x-md: 0px;--gutenslider-margin-x-sm: 0px;--gutenslider-margin-y: 0px;--gutenslider-margin-y-md: 0px;--gutenslider-margin-y-sm: 0px;--gutenslider-divider-top: 60px;--gutenslider-divider-bottom: 60px;--gutenslider-lightgallery-bg: #ffffff;--gutenslider-lightgallery-font: #000000;\" data-parallax-direction=\"down\" data-parallax-amount=\"1.3\" data-lg-transition=\"lg-slide\" data-hash=\"\"><div class=\"eedee-swiper-outer\"><div class=\"gutenslider-divider-top\" style=\"color:#fff; height:60px;\"><\/div><div class=\"swiper\" data-settings='{\"autoplay\":{\"delay\":3000,\"pauseOnMouseEnter\":true,\"disableOnInteraction\":false},\"speed\":700,\"direction\":\"horizontal\",\"autoHeight\":\"\",\"loop\":true,\"centeredSlides\":true,\"spaceBetween\":0,\"slidesPerView\":1,\"slidesPerGroup\":1,\"effect\":\"slide\",\"coverflowEffect\":{\"rotate\":30,\"slideShadows\":false,\"depth\":100,\"stretch\":50,\"modifier\":1},\"fadeEffect\":{\"crossFade\":true},\"zoom\":\"\",\"navigation\":{\"nextEl\":\"#gutenslider-zl4jhfhkl .eedee-gutenslider-next\",\"prevEl\":\"#gutenslider-zl4jhfhkl .eedee-gutenslider-prev\"},\"pagination\":{\"type\":\"bullets\",\"clickable\":true,\"dynamicBullets\":false,\"el\":\"#gutenslider-zl4jhfhkl .eedee-gutenslider-pagination\"},\"pauseOnHover\":\"1\",\"watchSlidesProgress\":true,\"watchSlidesVisibility\":true,\"settingsMd\":{\"autoHeight\":\"\",\"slidesPerView\":1,\"slidesPerGroup\":1,\"spaceBetween\":0},\"settingsLg\":{\"autoHeight\":\"\",\"slidesPerView\":1,\"slidesPerGroup\":1,\"spaceBetween\":0},\"hasLg\":false,\"hasLgCounter\":true,\"isFullScreen\":false,\"arrowsFollowMouse\":false,\"lgTitle\":\"none\",\"lgCaption\":\"none\",\"lgThumbnails\":true,\"keyboard\":{\"keyboard\":{\"enabled\":true,\"onlyInViewport\":true}},\"hashNavigation\":false}'><div class=\"swiper-wrapper\">\n<div class=\"swiper-slide wp-block-eedee-block-gutenslide is-position-center-center ed-bg-image\" style=\"--ed-vw:300;--ed-vh:199;\" data-hash=\"\"><div class=\"eedee-background-div bg-image\"><img decoding=\"async\" loading=\"lazy\" width=\"2000\" height=\"1324\" class=\"swiper-lazy wp-image-1171\" src=\"http:\/\/culturecoaches.s.nqn.cc\/wp-content\/uploads\/2020\/01\/spenden.jpg\" alt=\"\" style=\"object-fit: cover; object-position: 50% 50%;\"  data-title=\"spenden\" srcset=\"https:\/\/culturecoaches.de\/en\/wp-content\/uploads\/sites\/2\/2020\/01\/spenden.jpg 2000w, https:\/\/culturecoaches.de\/en\/wp-content\/uploads\/sites\/2\/2020\/01\/spenden-300x199.jpg 300w, https:\/\/culturecoaches.de\/en\/wp-content\/uploads\/sites\/2\/2020\/01\/spenden-768x508.jpg 768w, https:\/\/culturecoaches.de\/en\/wp-content\/uploads\/sites\/2\/2020\/01\/spenden-1536x1017.jpg 1536w, https:\/\/culturecoaches.de\/en\/wp-content\/uploads\/sites\/2\/2020\/01\/spenden-1600x1059.jpg 1600w, https:\/\/culturecoaches.de\/en\/wp-content\/uploads\/sites\/2\/2020\/01\/spenden-1200x794.jpg 1200w\" sizes=\"(max-width: 2000px) 100vw, 2000px\" \/><div class=\"eedee-background-div__overlay\" style=\"opacity:1;\"><\/div><\/div><div class=\"slide-content\">\n<div class=\"wp-block-eedee-block-gutenslide vertical-align-center\"><div id=\"gutenslide-djpnma26w\"><div class=\"eedee-background-div\"><img decoding=\"async\" loading=\"lazy\" width=\"2000\" height=\"1324\" class=\"wp-image-1171\" src=\"http:\/\/culturecoaches.s.nqn.cc\/wp-content\/uploads\/2020\/01\/spenden.jpg\" alt=\"\" style=\"object-fit:cover;object-position:50% 50%\" srcset=\"https:\/\/culturecoaches.de\/en\/wp-content\/uploads\/sites\/2\/2020\/01\/spenden.jpg 2000w, https:\/\/culturecoaches.de\/en\/wp-content\/uploads\/sites\/2\/2020\/01\/spenden-300x199.jpg 300w, https:\/\/culturecoaches.de\/en\/wp-content\/uploads\/sites\/2\/2020\/01\/spenden-768x508.jpg 768w, https:\/\/culturecoaches.de\/en\/wp-content\/uploads\/sites\/2\/2020\/01\/spenden-1536x1017.jpg 1536w, https:\/\/culturecoaches.de\/en\/wp-content\/uploads\/sites\/2\/2020\/01\/spenden-1600x1059.jpg 1600w, https:\/\/culturecoaches.de\/en\/wp-content\/uploads\/sites\/2\/2020\/01\/spenden-1200x794.jpg 1200w\" sizes=\"(max-width: 2000px) 100vw, 2000px\" \/><div class=\"eedee-background-div__overlay\" style=\"opacity:1\"><\/div><\/div><div class=\"slide-content\"><\/div><\/div><\/div>\n<\/div><\/div>\n<\/div><\/div><button class=\"eedee-gutenslider-nav eedee-gutenslider-prev\" aria-label=\"Previous Slide\" aria-disabled=\"false\"><svg xmlns=\"http:\/\/www.w3.org\/2000\/svg\" viewBox=\"0 0 24 24\" width=\"24\" height=\"24\"><circle class=\"bg\" cx=\"13\" cy=\"12\" r=\"11\" \/><path fill=\"none\" d=\"M0 0h24v24H0z\"\/><path class=\"arrow\" d=\"M10.828 12l4.95 4.95-1.414 1.414L8 12l6.364-6.364 1.414 1.414z\"\/><\/svg><\/button><button class=\"eedee-gutenslider-nav eedee-gutenslider-next\" aria-label=\"Next Slide\" aria-disabled=\"false\"><svg xmlns=\"http:\/\/www.w3.org\/2000\/svg\" viewBox=\"0 0 24 24\" width=\"24\" height=\"24\"><circle class=\"bg\" cx=\"11\" cy=\"12\" r=\"11\" \/><path fill=\"none\" d=\"M0 0h24v24H0z\"\/><path class=\"arrow\" d=\"M13.172 12l-4.95-4.95 1.414-1.414L16 12l-6.364 6.364-1.414-1.414z\"\/><\/svg><\/button><div class=\"eedee-gutenslider-pagination\"><\/div><\/div><div class=\"gutenslider-divider-bottom \" style=\"color:#fff; height:60px;\"><\/div><\/div>\n\n\n<h2 class=\"padded markings text-white\"><span class=\"marked secondary\"><span class=\"text\"><b>Impressum <\/b><\/span><\/span><\/h2>\n\n\n\n<div class=\"wp-block-atomic-blocks-ab-container text-blue padded ab-block-container\"><div class=\"ab-container-inside\"><div class=\"ab-container-content\">\n<p><strong>Zohre Esmaeli Foundation gGmbH<br><\/strong>Leipziger Stra\u00dfe 61<br>10117 Berlin<br>Deutschland<\/p>\n\n\n\n<div style=\"height:20px\" aria-hidden=\"true\" class=\"wp-block-spacer\"><\/div>\n\n\n\n<p><strong>E-Mail: <\/strong><a href=\"mailto:contact@culturecoaches.de\">contact@culturecoaches.de<\/a><\/p>\n\n\n\n<p><strong>Registergericht:<\/strong> AG Charlottenburg<br><strong>Registernummer:<\/strong> HRB 198121 B<\/p>\n\n\n\n<p><strong>Gesch\u00e4ftsf\u00fchrer:<\/strong> Sara Esmaeli<\/p>\n\n\n\n<div style=\"height:20px\" aria-hidden=\"true\" class=\"wp-block-spacer\"><\/div>\n\n\n\n<h3 class=\"text-orange\"><u>Verantwortlicher f\u00fcr Design und Gestaltung:<\/u><\/h3>\n\n\n\n<p><strong>Frederik &amp; Labots WA GmbH<br><\/strong>Auguststra\u00dfe 26<br>10117 Berlin<\/p>\n\n\n\n<p><a href=\"mailto:info@frederikundlabots.com\">info@frederikundlabots.com<br>+49 (0)30 405 65 248<br><a href=\"www.frederikundlabots.com\">www.frederikundlabots.com<\/a><\/p>\n\n\n\n<div style=\"height:20px\" aria-hidden=\"true\" class=\"wp-block-spacer\"><\/div>\n\n\n\n<h3 class=\"text-orange\"><u>Online-Streitbeilegung gem\u00e4\u00df Art. 14 Abs. 1 ODR-VO:<\/u><\/h3>\n\n\n\n<p>Plattform der EU zur au\u00dfergerichtlichen Online Streitbeilegung: http:\/\/ec.europa.eu\/consumers\/odr\/ Es besteht f\u00fcr die Zohre Esmaeli Foundation gGmbH keine Verpflichtung und Bereitschaft zur Teilnahme an einem Streitbeilegungsverfahren vor einer Verbraucherschlichtungsstelle.<\/p>\n\n\n\n<div style=\"height:20px\" aria-hidden=\"true\" class=\"wp-block-spacer\"><\/div>\n\n\n\n<h2 class=\"appear padded markings text-white inline\"><span class=\"marked secondary\"><span class=\"text\"><strong>Disclaimer<\/strong><\/span><\/span><p><\/p><\/h2>\n\n\n\n<h3 class=\"text-orange\"><u><strong>Haftung f\u00fcr Inhalte<\/strong><\/u><\/h3>\n\n\n\n<p> Als Diensteanbieter sind wir gem\u00e4\u00df \u00a7 7 Abs.1 TMG f\u00fcr eigene Inhalte auf dieser Webseite nach den allgemeinen Gesetzen verantwortlich. Nach \u00a7\u00a7 8 bis 10 TMG sind wir als Diensteanbieter jedoch nicht verpflichtet, \u00fcbermittelte oder gespeicherte fremde Informationen zu \u00fcberwachen oder nach Umst\u00e4nden zu forschen, die auf eine rechtswidrige T\u00e4tigkeit hinweisen.<\/p>\n\n\n\n<p>Verpflichtungen zur Entfernung oder Sperrung der Nutzung von Informationen nach den allge\u00admeinen Gesetzen bleiben hiervon unber\u00fchrt. Eine diesbez\u00fcgliche Haftung ist jedoch erst ab dem Zeitpunkt der Kenntnis einer konkreten Rechtsverletzung m\u00f6glich. Bei Bekanntwerden von entsprechenden Rechtsverletzungen werden wir diese Inhalte umgehend entfernen.<\/p>\n\n\n\n<h3 class=\"text-orange\"><u><strong>Haftung f\u00fcr Links<\/strong><\/u><\/h3>\n\n\n\n<p> Unser Angebot enth\u00e4lt Links zu externen Webseiten Dritter, auf deren Inhalte wir keinen Einfluss haben. Deshalb k\u00f6nnen wir f\u00fcr diese fremden Inhalte auch keine Gew\u00e4hr \u00fcberneh\u00admen. F\u00fcr die Inhalte der verlinkten Webseiten ist stets der jeweilige Anbieter oder Betreiber der Seiten verantwortlich. Die verlinkten Webseiten wurden zum Zeitpunkt der Verlinkung auf m\u00f6gliche Rechtsverst\u00f6\u00dfe \u00fcberpr\u00fcft. Rechtswidrige Inhalte waren zum Zeitpunkt der Verlin\u00adkung nicht erkennbar.<\/p>\n\n\n\n<p>Eine permanente inhaltliche Kontrolle der verlinkten Webseiten ist jedoch ohne konkrete An\u00adhaltspunkte einer Rechtsverletzung nicht zumutbar. Bei Bekanntwerden von Rechtsverletzun\u00adgen werden wir derartige Links umgehend entfernen.<\/p>\n\n\n\n<h3 class=\"text-orange\"><u><strong>Urheberrecht<\/strong><\/u><\/h3>\n\n\n\n<p> Die durch die Seitenbetreiber erstellten Inhalte und Werke auf dieser Webseite unterliegen dem deutschen Urheberrecht. Die Vervielf\u00e4ltigung, Bearbeitung, Verbreitung und jede Art der Verwertung au\u00dferhalb der Grenzen des Urheberrechtes bed\u00fcrfen der schriftlichen Zustim\u00admung des jeweiligen Autors bzw. Erstellers. Downloads und Kopien dieser Seite sind nur f\u00fcr den privaten, nicht kommerziellen Gebrauch gestattet.<\/p>\n\n\n\n<p>Soweit die Inhalte auf dieser Seite nicht vom Betreiber erstellt wurden, werden die Urheber\u00adrechte Dritter beachtet. Insbesondere werden Inhalte Dritter als solche gekennzeichnet. Sollten Sie trotzdem auf eine Urheberrechtsverletzung aufmerksam werden, bitten wir um einen entsprechenden Hinweis. Bei Bekanntwerden von Rechtsverletzungen werden wir derartige Inhalte umgehend entfernen.<\/p>\n<\/div><\/div><\/div>\n","protected":false},"excerpt":{"rendered":"<p>Impressum<\/p>\n","protected":false},"author":1,"featured_media":0,"parent":0,"menu_order":0,"comment_status":"closed","ping_status":"open","template":"","meta":[],"acf":[],"yoast_head":"<!-- This site is optimized with the Yoast SEO plugin v20.2.1 - https:\/\/yoast.com\/wordpress\/plugins\/seo\/ -->\n<title>Impressum - English Culturecoaches<\/title>\n<meta name=\"robots\" content=\"index, follow, max-snippet:-1, max-image-preview:large, max-video-preview:-1\" \/>\n<link rel=\"canonical\" href=\"http:\/\/culturecoaches.de\/en\/impressum-2\/\" \/>\n<meta property=\"og:locale\" content=\"en_US\" \/>\n<meta property=\"og:type\" content=\"article\" \/>\n<meta property=\"og:title\" content=\"Impressum - English Culturecoaches\" \/>\n<meta property=\"og:description\" content=\"Impressum\" \/>\n<meta property=\"og:url\" content=\"http:\/\/culturecoaches.de\/en\/impressum-2\/\" \/>\n<meta property=\"og:site_name\" content=\"English Culturecoaches\" \/>\n<meta property=\"article:modified_time\" content=\"2020-11-24T16:15:49+00:00\" \/>\n<meta property=\"og:image\" content=\"http:\/\/culturecoaches.s.nqn.cc\/wp-content\/uploads\/2020\/01\/spenden.jpg\" \/>\n<meta name=\"twitter:card\" content=\"summary_large_image\" \/>\n<meta name=\"twitter:label1\" content=\"Est. reading time\" \/>\n\t<meta name=\"twitter:data1\" content=\"2 minutes\" \/>\n<script type=\"application\/ld+json\" class=\"yoast-schema-graph\">{\"@context\":\"https:\/\/schema.org\",\"@graph\":[{\"@type\":\"WebPage\",\"@id\":\"http:\/\/culturecoaches.de\/en\/impressum-2\/\",\"url\":\"http:\/\/culturecoaches.de\/en\/impressum-2\/\",\"name\":\"Impressum - English Culturecoaches\",\"isPartOf\":{\"@id\":\"http:\/\/culturecoaches.de\/en\/#website\"},\"datePublished\":\"2020-01-13T06:31:26+00:00\",\"dateModified\":\"2020-11-24T16:15:49+00:00\",\"breadcrumb\":{\"@id\":\"http:\/\/culturecoaches.de\/en\/impressum-2\/#breadcrumb\"},\"inLanguage\":\"en-US\",\"potentialAction\":[{\"@type\":\"ReadAction\",\"target\":[\"http:\/\/culturecoaches.de\/en\/impressum-2\/\"]}]},{\"@type\":\"BreadcrumbList\",\"@id\":\"http:\/\/culturecoaches.de\/en\/impressum-2\/#breadcrumb\",\"itemListElement\":[{\"@type\":\"ListItem\",\"position\":1,\"name\":\"Startseite\",\"item\":\"http:\/\/culturecoaches.de\/en\/\"},{\"@type\":\"ListItem\",\"position\":2,\"name\":\"Impressum\"}]},{\"@type\":\"WebSite\",\"@id\":\"http:\/\/culturecoaches.de\/en\/#website\",\"url\":\"http:\/\/culturecoaches.de\/en\/\",\"name\":\"English Culturecoaches\",\"description\":\"Eine weitere WordPress-Website\",\"potentialAction\":[{\"@type\":\"SearchAction\",\"target\":{\"@type\":\"EntryPoint\",\"urlTemplate\":\"http:\/\/culturecoaches.de\/en\/?s={search_term_string}\"},\"query-input\":\"required name=search_term_string\"}],\"inLanguage\":\"en-US\"}]}<\/script>\n<!-- \/ Yoast SEO plugin. -->","yoast_head_json":{"title":"Impressum - English Culturecoaches","robots":{"index":"index","follow":"follow","max-snippet":"max-snippet:-1","max-image-preview":"max-image-preview:large","max-video-preview":"max-video-preview:-1"},"canonical":"http:\/\/culturecoaches.de\/en\/impressum-2\/","og_locale":"en_US","og_type":"article","og_title":"Impressum - English Culturecoaches","og_description":"Impressum","og_url":"http:\/\/culturecoaches.de\/en\/impressum-2\/","og_site_name":"English Culturecoaches","article_modified_time":"2020-11-24T16:15:49+00:00","og_image":[{"url":"http:\/\/culturecoaches.s.nqn.cc\/wp-content\/uploads\/2020\/01\/spenden.jpg"}],"twitter_card":"summary_large_image","twitter_misc":{"Est. reading time":"2 minutes"},"schema":{"@context":"https:\/\/schema.org","@graph":[{"@type":"WebPage","@id":"http:\/\/culturecoaches.de\/en\/impressum-2\/","url":"http:\/\/culturecoaches.de\/en\/impressum-2\/","name":"Impressum - English Culturecoaches","isPartOf":{"@id":"http:\/\/culturecoaches.de\/en\/#website"},"datePublished":"2020-01-13T06:31:26+00:00","dateModified":"2020-11-24T16:15:49+00:00","breadcrumb":{"@id":"http:\/\/culturecoaches.de\/en\/impressum-2\/#breadcrumb"},"inLanguage":"en-US","potentialAction":[{"@type":"ReadAction","target":["http:\/\/culturecoaches.de\/en\/impressum-2\/"]}]},{"@type":"BreadcrumbList","@id":"http:\/\/culturecoaches.de\/en\/impressum-2\/#breadcrumb","itemListElement":[{"@type":"ListItem","position":1,"name":"Startseite","item":"http:\/\/culturecoaches.de\/en\/"},{"@type":"ListItem","position":2,"name":"Impressum"}]},{"@type":"WebSite","@id":"http:\/\/culturecoaches.de\/en\/#website","url":"http:\/\/culturecoaches.de\/en\/","name":"English Culturecoaches","description":"Eine weitere WordPress-Website","potentialAction":[{"@type":"SearchAction","target":{"@type":"EntryPoint","urlTemplate":"http:\/\/culturecoaches.de\/en\/?s={search_term_string}"},"query-input":"required name=search_term_string"}],"inLanguage":"en-US"}]}},"featured_image_src":null,"featured_image_src_square":null,"_links":{"self":[{"href":"https:\/\/culturecoaches.de\/en\/wp-json\/wp\/v2\/pages\/1186"}],"collection":[{"href":"https:\/\/culturecoaches.de\/en\/wp-json\/wp\/v2\/pages"}],"about":[{"href":"https:\/\/culturecoaches.de\/en\/wp-json\/wp\/v2\/types\/page"}],"author":[{"embeddable":true,"href":"https:\/\/culturecoaches.de\/en\/wp-json\/wp\/v2\/users\/1"}],"replies":[{"embeddable":true,"href":"https:\/\/culturecoaches.de\/en\/wp-json\/wp\/v2\/comments?post=1186"}],"version-history":[{"count":19,"href":"https:\/\/culturecoaches.de\/en\/wp-json\/wp\/v2\/pages\/1186\/revisions"}],"predecessor-version":[{"id":2547,"href":"https:\/\/culturecoaches.de\/en\/wp-json\/wp\/v2\/pages\/1186\/revisions\/2547"}],"wp:attachment":[{"href":"https:\/\/culturecoaches.de\/en\/wp-json\/wp\/v2\/media?parent=1186"}],"curies":[{"name":"wp","href":"https:\/\/api.w.org\/{rel}","templated":true}]}}